{"id":172,"date":"2023-05-29T10:16:36","date_gmt":"2023-05-29T10:16:36","guid":{"rendered":"https:\/\/luckydog-barfbar.de\/?page_id=172"},"modified":"2024-11-16T18:27:00","modified_gmt":"2024-11-16T18:27:00","slug":"news","status":"publish","type":"page","link":"https:\/\/luckydog-barfbar.de\/?page_id=172","title":{"rendered":"Unser Sortiment"},"content":{"rendered":"<p>[et_pb_section fb_built=&#8220;1&#8243; _builder_version=&#8220;4.16&#8243; _module_preset=&#8220;default&#8220; background_color=&#8220;#F9F8F4&#8243; custom_padding=&#8220;||0px|||&#8220; locked=&#8220;off&#8220; global_colors_info=&#8220;{}&#8220;][et_pb_row use_custom_gutter=&#8220;on&#8220; gutter_width=&#8220;2&#8243; make_equal=&#8220;on&#8220; _builder_version=&#8220;4.16&#8243; _module_preset=&#8220;default&#8220; width=&#8220;90%&#8220; width_tablet=&#8220;90%&#8220; width_phone=&#8220;90%&#8220; width_last_edited=&#8220;on|desktop&#8220; max_width=&#8220;1300px&#8220; max_width_tablet=&#8220;90%&#8220; max_width_phone=&#8220;90%&#8220; max_width_last_edited=&#8220;on|phone&#8220; custom_margin=&#8220;-65px||||false|false&#8220; custom_padding=&#8220;0px||0px||true|&#8220; animation_style=&#8220;fade&#8220; animation_delay=&#8220;500ms&#8220; global_colors_info=&#8220;{}&#8220;][et_pb_column type=&#8220;4_4&#8243; _builder_version=&#8220;4.16&#8243; _module_preset=&#8220;default&#8220; global_colors_info=&#8220;{}&#8220;][et_pb_image src=&#8220;https:\/\/luckydog-barfbar.de\/wp-content\/uploads\/2023\/05\/illustration_woof.png&#8220; title_text=&#8220;illustration_woof&#8220; align_tablet=&#8220;center&#8220; align_phone=&#8220;center&#8220; align_last_edited=&#8220;on|phone&#8220; _builder_version=&#8220;4.17.4&#8243; _module_preset=&#8220;default&#8220; global_colors_info=&#8220;{}&#8220;][\/et_pb_image][et_pb_text _builder_version=&#8220;4.21.0&#8243; _module_preset=&#8220;default&#8220; text_font=&#8220;Alata||||||||&#8220; text_text_color=&#8220;#b98d58&#8243; text_font_size=&#8220;14.1px&#8220; text_letter_spacing=&#8220;10px&#8220; text_line_height=&#8220;1.8em&#8220; z_index=&#8220;149&#8243; custom_margin=&#8220;-188px|||150px|false|false&#8220; custom_margin_tablet=&#8220;|||0px|false|false&#8220; custom_margin_phone=&#8220;-188px|||0px|false|false&#8220; custom_margin_last_edited=&#8220;on|phone&#8220; text_letter_spacing_tablet=&#8220;&#8220; text_letter_spacing_phone=&#8220;5px&#8220; text_letter_spacing_last_edited=&#8220;on|phone&#8220; text_orientation_tablet=&#8220;center&#8220; text_orientation_phone=&#8220;center&#8220; text_orientation_last_edited=&#8220;on|phone&#8220; global_colors_info=&#8220;{}&#8220;]<\/p>\n<p><span style=\"color: #ff00ff;\">LUCKYDOG BARFBAR<\/span><\/p>\n<p>[\/et_pb_text][et_pb_text _builder_version=&#8220;4.16&#8243; _module_preset=&#8220;default&#8220; header_3_font=&#8220;Cormorant Infant||||||||&#8220; header_3_text_align=&#8220;left&#8220; header_3_text_color=&#8220;#545d5c&#8220; header_3_font_size=&#8220;62px&#8220; header_3_line_height=&#8220;1.4em&#8220; custom_margin=&#8220;-15px|||145px|false|false&#8220; custom_margin_tablet=&#8220;-25px|||0px|false|false&#8220; custom_margin_phone=&#8220;-25px|||0px|false|false&#8220; custom_margin_last_edited=&#8220;on|phone&#8220; header_3_text_align_tablet=&#8220;center&#8220; header_3_text_align_phone=&#8220;center&#8220; header_3_text_align_last_edited=&#8220;on|phone&#8220; header_3_font_size_tablet=&#8220;50px&#8220; header_3_font_size_phone=&#8220;40px&#8220; header_3_font_size_last_edited=&#8220;on|phone&#8220; header_3_line_height_tablet=&#8220;&#8220; header_3_line_height_phone=&#8220;1.1em&#8220; header_3_line_height_last_edited=&#8220;on|phone&#8220; global_colors_info=&#8220;{}&#8220;]<\/p>\n<h3>Unser Sortiment<\/h3>\n<p>[\/et_pb_text][\/et_pb_column][\/et_pb_row][et_pb_row use_custom_gutter=&#8220;on&#8220; gutter_width=&#8220;2&#8243; make_equal=&#8220;on&#8220; _builder_version=&#8220;4.16&#8243; _module_preset=&#8220;default&#8220; width=&#8220;100%&#8220; width_tablet=&#8220;90%&#8220; width_phone=&#8220;90%&#8220; width_last_edited=&#8220;on|desktop&#8220; max_width=&#8220;660px&#8220; max_width_tablet=&#8220;90%&#8220; max_width_phone=&#8220;90%&#8220; max_width_last_edited=&#8220;on|phone&#8220; custom_margin=&#8220;|auto|67px|auto||&#8220; custom_padding=&#8220;50px||0px||false|false&#8220; animation_style=&#8220;fade&#8220; animation_delay=&#8220;500ms&#8220; global_colors_info=&#8220;{}&#8220;][et_pb_column type=&#8220;4_4&#8243; _builder_version=&#8220;4.16&#8243; _module_preset=&#8220;default&#8220; global_colors_info=&#8220;{}&#8220;][et_pb_text _builder_version=&#8220;4.16&#8243; _module_preset=&#8220;default&#8220; text_font=&#8220;Cormorant Infant||||||||&#8220; text_text_color=&#8220;#545d5c&#8220; text_font_size=&#8220;28px&#8220; text_line_height=&#8220;1.5em&#8220; width=&#8220;100%&#8220; custom_margin=&#8220;||||false|false&#8220; text_font_size_tablet=&#8220;&#8220; text_font_size_phone=&#8220;20px&#8220; text_font_size_last_edited=&#8220;on|phone&#8220; global_colors_info=&#8220;{}&#8220;]<\/p>\n<p><span style=\"color: #ff00ff; font-size: 30px;\">Barf<\/span><\/p>\n<div class=\"content2copy\">\n<p>Wir bieten umfassende Beratung und Anleitung zur Barff\u00fctterung f\u00fcr Ihren Hund und verkaufen nur Produkte von denen wir \u00fcberzeugt sind und die von unserem Rudel f\u00fcr gut befunden wurden. Unter anderem haben wir die Futtermacher, Graf Barf, Barfgold oder auch Aniforte \u2013 um nur einige zu nennen \u2013 im Sortiment.<\/p>\n<p>Mit unseren Produkten k\u00f6nnen Sie sicher sein, dass Ihr Hund alle N\u00e4hrstoffe erh\u00e4lt, die er f\u00fcr eine optimale Gesundheit braucht. Au\u00dferdem bieten wir eine Vielzahl von Geschmacksrichtungen an, sodass f\u00fcr jeden Hund etwas dabei ist, ganz gleich, ob er Huhn oder Rindfleisch bevorzugt, unsere Produkte sorgen daf\u00fcr, dass sein Schwanz wedelt. Wenn Sie also auf der Suche nach dem perfekten Mahlzeitenplan f\u00fcr Ihren Hund sind, suchen Sie nicht weiter &#8211; wir haben ihn!<\/p>\n<p>&nbsp;<\/p>\n<p><span style=\"color: #ff00ff; font-size: 30px;\"><span style=\"font-size: 28px;\">Hundeleinen<\/span><\/span><\/p>\n<div class=\"content2copy\">\n<p>Sie sind auf der Suche nach der perfekten Leine?<\/p>\n<p>Am liebsten noch in Ihrer Lieblingsfarbe und der f\u00fcr Sie am besten geeigneten\u00a0 L\u00e4nge? <br \/>Mit unseren Leinen erhalten Sie ein robustes, handgefertigtes und langlebiges Produkt f\u00fcr Ihren Vierbeiner.<\/p>\n<p style=\"font-weight: 400;\"><strong>Jede Leine hat unser Qualit\u00e4tsversprechen, sollte sie jemals reissen, erhalten Sie einen kostenlosen Ersatz.<\/strong><\/p>\n<\/div>\n<p>&nbsp;<\/p>\n<p><span style=\"color: #ff00ff; font-size: 30px;\"><span style=\"font-size: 28px;\">Sicherheitsgeschirr und Maulk\u00f6rbe<\/span><\/span><\/p>\n<div class=\"content2copy\">\n<p><span style=\"font-size: 28px;\"><br \/><\/span>Ein Hund aus dem Tierschutz zieht bei Ihnen ein oder Sie heben eine eher unsichere Fellnase? Dann ist das passende und gut gepolsterte Sicherheitsgeschirr ein MUSS!!! Es kann in einer unvorhergesehenen Situation, sogar lebensrettend sein.<\/p>\n<p>Wir beraten Sie hierzu sehr gerne, nicht nur wenn Sie ein gut sitzendes Geschirr ben\u00f6tigen, auch wenn Sie auf der Suche nach einem passenden Maulkorb sind. Ein gut sitzender Maulkorb schr\u00e4nkt den Hund in keinster Weise ein, er kann weiter klar kommunizieren hecheln und trinken. Die Hemmschwelle seiner Fellnase bei Bedarf einen Maulkorb anzuziehen, ist leider noch sehr gross.<br \/>Allerdings ist er oft zum Eigenschutz (Giftk\u00f6der) oder auch Fremdschutz oft n\u00f6tig, in manchen Urlaubsl\u00e4ndern sogar Pflicht. Gut auftrainiert st\u00f6rt es den Hund nicht weiter wenn er bei Bedarf einen tragen muss.<\/p>\n<\/div>\n<\/div>\n<p>[\/et_pb_text][\/et_pb_column][\/et_pb_row][et_pb_row use_custom_gutter=&#8220;on&#8220; gutter_width=&#8220;2&#8243; make_equal=&#8220;on&#8220; _builder_version=&#8220;4.16&#8243; _module_preset=&#8220;default&#8220; width=&#8220;90%&#8220; width_tablet=&#8220;90%&#8220; width_phone=&#8220;90%&#8220; width_last_edited=&#8220;on|desktop&#8220; max_width=&#8220;1300px&#8220; max_width_tablet=&#8220;90%&#8220; max_width_phone=&#8220;90%&#8220; max_width_last_edited=&#8220;on|phone&#8220; custom_margin=&#8220;-18px|auto||auto||&#8220; custom_padding=&#8220;0px||0px|||&#8220; locked=&#8220;off&#8220; global_colors_info=&#8220;{}&#8220;][et_pb_column type=&#8220;4_4&#8243; _builder_version=&#8220;4.16&#8243; _module_preset=&#8220;default&#8220; global_colors_info=&#8220;{}&#8220;][et_pb_image src=&#8220;https:\/\/luckydog-barfbar.de\/wp-content\/uploads\/2023\/05\/illustration_knoten.png&#8220; title_text=&#8220;illustration_knoten&#8220; align=&#8220;center&#8220; _builder_version=&#8220;4.17.4&#8243; _module_preset=&#8220;default&#8220; max_width=&#8220;250px&#8220; module_alignment=&#8220;center&#8220; global_colors_info=&#8220;{}&#8220;][\/et_pb_image][\/et_pb_column][\/et_pb_row][\/et_pb_section][et_pb_section fb_built=&#8220;1&#8243; _builder_version=&#8220;4.16&#8243; _module_preset=&#8220;default&#8220; background_color=&#8220;#F9F8F4&#8243; background_image=&#8220;https:\/\/luckydog-barfbar.de\/wp-content\/uploads\/2023\/05\/hunde_footer.jpg&#8220; custom_padding=&#8220;0px||0px||false|false&#8220; locked=&#8220;off&#8220; global_colors_info=&#8220;{}&#8220;][et_pb_row use_custom_gutter=&#8220;on&#8220; gutter_width=&#8220;1&#8243; make_equal=&#8220;on&#8220; _builder_version=&#8220;4.16&#8243; _module_preset=&#8220;default&#8220; width=&#8220;100%&#8220; max_width=&#8220;100%&#8220; custom_padding=&#8220;0px||0px||true|false&#8220; global_colors_info=&#8220;{}&#8220;][et_pb_column type=&#8220;4_4&#8243; _builder_version=&#8220;4.16&#8243; _module_preset=&#8220;default&#8220; global_colors_info=&#8220;{}&#8220;][et_pb_image src=&#8220;https:\/\/luckydog-barfbar.de\/wp-content\/uploads\/2023\/05\/Vineyard-1-a4-3.png&#8220; title_text=&#8220;Vineyard-1-a4 (3)&#8220; align=&#8220;center&#8220; force_fullwidth=&#8220;on&#8220; _builder_version=&#8220;4.16&#8243; _module_preset=&#8220;default&#8220; global_colors_info=&#8220;{}&#8220;][\/et_pb_image][\/et_pb_column][\/et_pb_row][et_pb_row use_custom_gutter=&#8220;on&#8220; gutter_width=&#8220;2&#8243; make_equal=&#8220;on&#8220; _builder_version=&#8220;4.16&#8243; _module_preset=&#8220;default&#8220; width=&#8220;90%&#8220; width_tablet=&#8220;90%&#8220; width_phone=&#8220;90%&#8220; width_last_edited=&#8220;on|desktop&#8220; max_width=&#8220;1300px&#8220; max_width_tablet=&#8220;90%&#8220; max_width_phone=&#8220;90%&#8220; max_width_last_edited=&#8220;on|phone&#8220; custom_padding=&#8220;160px||160px||true|false&#8220; global_colors_info=&#8220;{}&#8220;][et_pb_column type=&#8220;4_4&#8243; _builder_version=&#8220;4.16&#8243; _module_preset=&#8220;default&#8220; global_colors_info=&#8220;{}&#8220;][et_pb_social_media_follow icon_color=&#8220;#ffffff&#8220; use_icon_font_size=&#8220;on&#8220; icon_font_size=&#8220;25px&#8220; _builder_version=&#8220;4.16&#8243; _module_preset=&#8220;default&#8220; text_orientation=&#8220;center&#8220; global_colors_info=&#8220;{}&#8220; icon_color__hover_enabled=&#8220;on|desktop&#8220; icon_color__hover=&#8220;#FDE3D3&#8243;][et_pb_social_media_follow_network social_network=&#8220;facebook&#8220; _builder_version=&#8220;4.16&#8243; _module_preset=&#8220;default&#8220; background_color=&#8220;rgba(0,0,0,0)&#8220; background_enable_color=&#8220;on&#8220; custom_margin=&#8220;|5px||5px|false|true&#8220; global_colors_info=&#8220;{}&#8220; follow_button=&#8220;off&#8220; url_new_window=&#8220;on&#8220;]facebook[\/et_pb_social_media_follow_network][et_pb_social_media_follow_network social_network=&#8220;instagram&#8220; _builder_version=&#8220;4.16&#8243; _module_preset=&#8220;default&#8220; custom_margin=&#8220;|5px||5px|false|true&#8220; global_colors_info=&#8220;{}&#8220; follow_button=&#8220;off&#8220; url_new_window=&#8220;on&#8220;]instagram[\/et_pb_social_media_follow_network][\/et_pb_social_media_follow][\/et_pb_column][\/et_pb_row][\/et_pb_section]<\/p>\n","protected":false},"excerpt":{"rendered":"<p>LUCKYDOG BARFBARUnser SortimentBarf Wir bieten umfassende Beratung und Anleitung zur Barff\u00fctterung f\u00fcr Ihren Hund und verkaufen nur Produkte von denen wir \u00fcberzeugt sind und die von unserem Rudel f\u00fcr gut befunden wurden. Unter anderem haben wir die Futtermacher, Graf Barf, Barfgold oder auch Aniforte \u2013 um nur einige zu nennen \u2013 im Sortiment. Mit unseren [&hellip;]<\/p>\n","protected":false},"author":1,"featured_media":0,"parent":0,"menu_order":0,"comment_status":"closed","ping_status":"closed","template":"","meta":{"_et_pb_use_builder":"on","_et_pb_old_content":"","_et_gb_content_width":"","footnotes":""},"class_list":["post-172","page","type-page","status-publish","hentry"],"_links":{"self":[{"href":"https:\/\/luckydog-barfbar.de\/index.php?rest_route=\/wp\/v2\/pages\/172","targetHints":{"allow":["GET"]}}],"collection":[{"href":"https:\/\/luckydog-barfbar.de\/index.php?rest_route=\/wp\/v2\/pages"}],"about":[{"href":"https:\/\/luckydog-barfbar.de\/index.php?rest_route=\/wp\/v2\/types\/page"}],"author":[{"embeddable":true,"href":"https:\/\/luckydog-barfbar.de\/index.php?rest_route=\/wp\/v2\/users\/1"}],"replies":[{"embeddable":true,"href":"https:\/\/luckydog-barfbar.de\/index.php?rest_route=%2Fwp%2Fv2%2Fcomments&post=172"}],"version-history":[{"count":12,"href":"https:\/\/luckydog-barfbar.de\/index.php?rest_route=\/wp\/v2\/pages\/172\/revisions"}],"predecessor-version":[{"id":267,"href":"https:\/\/luckydog-barfbar.de\/index.php?rest_route=\/wp\/v2\/pages\/172\/revisions\/267"}],"wp:attachment":[{"href":"https:\/\/luckydog-barfbar.de\/index.php?rest_route=%2Fwp%2Fv2%2Fmedia&parent=172"}],"curies":[{"name":"wp","href":"https:\/\/api.w.org\/{rel}","templated":true}]}}